{"id":12,"date":"2026-02-15T01:56:05","date_gmt":"2026-02-15T01:56:05","guid":{"rendered":"https:\/\/test.vanlangoregon.org\/?page_id=12"},"modified":"2026-02-15T01:56:05","modified_gmt":"2026-02-15T01:56:05","slug":"lich-su-truong","status":"publish","type":"page","link":"https:\/\/test.vanlangoregon.org\/?page_id=12","title":{"rendered":"L\u1ecbch S\u1eed Tr\u01b0\u1eddng"},"content":{"rendered":"\n<figure class=\"wp-block-image size-full\"><img loading=\"lazy\" decoding=\"async\" width=\"2560\" height=\"1008\" src=\"https:\/\/test.vanlangoregon.org\/wp-content\/uploads\/2026\/02\/van-lang-Volunteers_2024-scaled-1.jpeg\" alt=\"\" class=\"wp-image-13\" srcset=\"https:\/\/test.vanlangoregon.org\/wp-content\/uploads\/2026\/02\/van-lang-Volunteers_2024-scaled-1.jpeg 2560w, https:\/\/test.vanlangoregon.org\/wp-content\/uploads\/2026\/02\/van-lang-Volunteers_2024-scaled-1-300x118.jpeg 300w, https:\/\/test.vanlangoregon.org\/wp-content\/uploads\/2026\/02\/van-lang-Volunteers_2024-scaled-1-1024x403.jpeg 1024w, https:\/\/test.vanlangoregon.org\/wp-content\/uploads\/2026\/02\/van-lang-Volunteers_2024-scaled-1-768x302.jpeg 768w, https:\/\/test.vanlangoregon.org\/wp-content\/uploads\/2026\/02\/van-lang-Volunteers_2024-scaled-1-1536x605.jpeg 1536w, https:\/\/test.vanlangoregon.org\/wp-content\/uploads\/2026\/02\/van-lang-Volunteers_2024-scaled-1-2048x806.jpeg 2048w\" sizes=\"auto, (max-width: 2560px) 100vw, 2560px\" \/><\/figure>\n\n\n\n<p>Tr\u01b0\u1eddng Vi\u1ec7t Ng\u1eef V\u0103n Lang (VNVL) l\u00e0 m\u1ed9t t\u1ed5 ch\u1ee9c thi\u1ec7n nguy\u1ec7n phi l\u1ee3i nhu\u1eadn \u0111\u01b0\u1ee3c th\u00e0nh l\u1eadp v\u00e0o ng\u00e0y 3 th\u00e1ng 9 n\u0103m 1990 b\u1edfi \u00f4ng <strong>Nguy\u1ec5n Anh Tu\u1ea5n<\/strong>, v\u1edbi m\u1ee5c \u0111\u00edch gi\u1ea3ng d\u1ea1y ti\u1ebfng Vi\u1ec7t cho c\u00e1c em h\u1ecdc sinh Vi\u1ec7t Nam sinh ra t\u1ea1i M\u1ef9. Tr\u01b0\u1eddng \u0111\u01b0\u1ee3c \u0111i\u1ec1u h\u00e0nh b\u1edfi m\u1ed9t nh\u00f3m ng\u01b0\u1eddi t\u1ef1 nguy\u1ec7n, v\u1edbi tinh th\u1ea7n \u0111\u1ed3ng l\u00f2ng trong vi\u1ec7c \u0111i\u1ec1u h\u00e0nh v\u00e0 gi\u1ea3ng d\u1ea1y c\u00e1c l\u1edbp h\u1ecdc.<\/p>\n\n\n\n<p>Ban \u0111\u1ea7u, tr\u01b0\u1eddng b\u1eaft \u0111\u1ea7u kh\u00f3a h\u1ecdc \u0111\u1ea7u ti\u00ean t\u1ea1i tr\u01b0\u1eddng High Land Park, Beaverton, v\u1edbi c\u00e1c l\u1edbp t\u1eeb M\u1eabu gi\u00e1o \u0111\u1ebfn l\u1edbp 5. V\u00e0o n\u0103m 1995, \u0111\u1ec3 thu\u1eadn ti\u1ec7n cho s\u1ed1 l\u01b0\u1ee3ng h\u1ecdc sinh \u0111\u00f4ng \u0111\u1ea3o sinh s\u1ed1ng \u1edf v\u00f9ng Portland; C\u01a1 s\u1edf m\u1edbi \u0111\u00e3 chuy\u1ec3n \u0111\u1ebfn tr\u01b0\u1eddng trung h\u1ecdc Madison tr\u00ean \u0111\u01b0\u1eddng 82nd, Portland. Sau \u0111\u00f3, v\u00e0o n\u0103m 1998, tr\u01b0\u1eddng l\u1ea1i di chuy\u1ec3n \u0111\u1ebfn trung t\u00e2m Portland Cummunity College (PCC), Trung T\u00e2m Southeast n\u00e0y c\u0169ng n\u1eb1m tr\u00ean \u0111\u01b0\u1eddng 82nd thu\u1ed9c th\u00e0nh ph\u1ed1 Portland.<\/p>\n","protected":false},"excerpt":{"rendered":"<p>Tr\u01b0\u1eddng Vi\u1ec7t Ng\u1eef V\u0103n Lang (VNVL) l\u00e0 m\u1ed9t t\u1ed5 ch\u1ee9c thi\u1ec7n nguy\u1ec7n phi l\u1ee3i nhu\u1eadn \u0111\u01b0\u1ee3c th\u00e0nh l\u1eadp v\u00e0o ng\u00e0y 3 th\u00e1ng 9 n\u0103m 1990 b\u1edfi \u00f4ng Nguy\u1ec5n Anh Tu\u1ea5n, v\u1edbi m\u1ee5c \u0111\u00edch gi\u1ea3ng d\u1ea1y ti\u1ebfng Vi\u1ec7t cho c\u00e1c em h\u1ecdc sinh Vi\u1ec7t Nam sinh ra t\u1ea1i M\u1ef9. Tr\u01b0\u1eddng \u0111\u01b0\u1ee3c \u0111i\u1ec1u h\u00e0nh b\u1edfi m\u1ed9t nh\u00f3m [&hellip;]<\/p>\n","protected":false},"author":1,"featured_media":0,"parent":0,"menu_order":0,"comment_status":"closed","ping_status":"closed","template":"","meta":{"footnotes":""},"class_list":["post-12","page","type-page","status-publish","hentry"],"_links":{"self":[{"href":"https:\/\/test.vanlangoregon.org\/index.php?rest_route=\/wp\/v2\/pages\/12","targetHints":{"allow":["GET"]}}],"collection":[{"href":"https:\/\/test.vanlangoregon.org\/index.php?rest_route=\/wp\/v2\/pages"}],"about":[{"href":"https:\/\/test.vanlangoregon.org\/index.php?rest_route=\/wp\/v2\/types\/page"}],"author":[{"embeddable":true,"href":"https:\/\/test.vanlangoregon.org\/index.php?rest_route=\/wp\/v2\/users\/1"}],"replies":[{"embeddable":true,"href":"https:\/\/test.vanlangoregon.org\/index.php?rest_route=%2Fwp%2Fv2%2Fcomments&post=12"}],"version-history":[{"count":1,"href":"https:\/\/test.vanlangoregon.org\/index.php?rest_route=\/wp\/v2\/pages\/12\/revisions"}],"predecessor-version":[{"id":14,"href":"https:\/\/test.vanlangoregon.org\/index.php?rest_route=\/wp\/v2\/pages\/12\/revisions\/14"}],"wp:attachment":[{"href":"https:\/\/test.vanlangoregon.org\/index.php?rest_route=%2Fwp%2Fv2%2Fmedia&parent=12"}],"curies":[{"name":"wp","href":"https:\/\/api.w.org\/{rel}","templated":true}]}}